{"id":212,"date":"2025-12-28T16:47:10","date_gmt":"2025-12-28T19:47:10","guid":{"rendered":"https:\/\/realidadesdeosasco.online\/?page_id=212"},"modified":"2025-12-28T16:57:18","modified_gmt":"2025-12-28T19:57:18","slug":"politicas-de-cookies","status":"publish","type":"page","link":"https:\/\/realidadesdeosasco.online\/index.php\/politicas-de-cookies\/","title":{"rendered":"Pol\u00edticas de Cookies"},"content":{"rendered":"\t\t<div data-elementor-type=\"wp-page\" data-elementor-id=\"212\" class=\"elementor elementor-212\">\n\t\t\t\t<div class=\"elementor-element elementor-element-d4656c3 e-con-full e-flex e-con e-parent\" data-id=\"d4656c3\" data-element_type=\"container\">\n\t\t\t\t<div class=\"elementor-element elementor-element-2a06820 elementor-widget elementor-widget-heading\" data-id=\"2a06820\" data-element_type=\"widget\" data-widget_type=\"heading.default\">\n\t\t\t\t\t<h2 class=\"elementor-heading-title elementor-size-default\">Politicas de Cookies<\/h2>\t\t\t\t<\/div>\n\t\t\t\t<\/div>\n\t\t<div class=\"elementor-element elementor-element-474c0b1 e-flex e-con-boxed e-con e-parent\" data-id=\"474c0b1\" data-element_type=\"container\">\n\t\t\t\t\t<div class=\"e-con-inner\">\n\t\t\t\t<div class=\"elementor-element elementor-element-f3e9814 elementor-widget elementor-widget-html\" data-id=\"f3e9814\" data-element_type=\"widget\" data-widget_type=\"html.default\">\n\t\t\t\t\t<!-- Start CookieYes Pol\u00edtica de Cookie -->\r\n<style>\r\n  a.cky-banner-element {\r\n    padding: 8px 30px;\r\n    background: #f8f9fa;\r\n    color: #858a8f;\r\n    border: 1px solid #dee2e6;\r\n    box-sizing: border-box;\r\n    border-radius: 2px;\r\n    cursor: pointer\r\n  }\r\n<\/style>\r\n<h1 class=\"cookie-policy-h1\">Cookie Policy<\/h1>\r\n<div class=\"cookie-policy-date-container\">\r\n  <p>Effective date: December 28, 2025<\/p>\r\n  <p>Last updated: December 28, 2025<\/p>\r\n<\/div>&nbsp;<h2>O que s\u00e3o cookies?<\/h2>\r\n<div class=\"cookie-policy-p\">\r\n  <div class=\"ql-code-block-container\" spellcheck=\"false\">\r\n    <div class=\"ql-code-block\" data-language=\"plain\">Esta Pol\u00edtica de Cookies explica o que s\u00e3o cookies, como os utilizamos, os tipos de cookies que utilizamos (ou seja, as informa\u00e7\u00f5es que coletamos usando cookies e como essas informa\u00e7\u00f5es s\u00e3o utilizadas) e como gerenciar suas configura\u00e7\u00f5es de cookies.<\/div>\r\n    <div class=\"ql-code-block\" data-language=\"plain\"><br><\/div>\r\n    <div class=\"ql-code-block\" data-language=\"plain\">Os cookies s\u00e3o pequenos arquivos de texto usados \u200b\u200bpara armazenar pequenas informa\u00e7\u00f5es. Eles s\u00e3o armazenados no seu dispositivo quando um site \u00e9 carregado no seu navegador. Esses cookies ajudam a garantir que o site funcione corretamente, aprimoram a seguran\u00e7a, proporcionam uma melhor experi\u00eancia ao usu\u00e1rio e analisam o desempenho para identificar o que funciona e onde s\u00e3o necess\u00e1rias melhorias.<\/div>\r\n  <\/div>\r\n  <p><br><\/p>\r\n<\/div>&nbsp;<h2>Como utilizamos cookies?<\/h2>\r\n<div class=\"cookie-policy-p\">\r\n  <div class=\"ql-code-block-container\" spellcheck=\"false\">\r\n    <div class=\"ql-code-block\" data-language=\"plain\">Como a maioria dos servi\u00e7os online, nosso site usa cookies pr\u00f3prios e de terceiros para diversas finalidades. Os cookies pr\u00f3prios s\u00e3o essenciais para o funcionamento adequado do site e n\u00e3o coletam dados de identifica\u00e7\u00e3o pessoal.<\/div>\r\n    <div class=\"ql-code-block\" data-language=\"plain\"><br><\/div>\r\n    <div class=\"ql-code-block\" data-language=\"plain\">Os cookies de terceiros usados \u200b\u200bem nosso site nos ajudam principalmente a entender o desempenho do site, rastrear como voc\u00ea interage com ele, manter nossos servi\u00e7os seguros, exibir an\u00fancios relevantes e aprimorar sua experi\u00eancia geral de usu\u00e1rio, al\u00e9m de melhorar a velocidade de suas intera\u00e7\u00f5es futuras com nosso site.<\/div>\r\n  <\/div>\r\n  <p><br><\/p>\r\n<\/div>&nbsp;<h2>Tipos de cookies que utilizamos<\/h2>\r\n<div class=\"cky-audit-table-element\"><\/div>&nbsp;<h2 style=\"margin-bottom: 20px\">Gerenciar prefer\u00eancias de cookies<\/h2><a class=\"cky-banner-element\">Prefer\u00eancias de consentimento<\/a><br \/>\r\n<div>\r\n  <div class=\"ql-code-block-container\" spellcheck=\"false\">\r\n    <div class=\"ql-code-block\" data-language=\"plain\">Voc\u00ea pode modificar suas configura\u00e7\u00f5es de cookies a qualquer momento clicando no bot\u00e3o 'Prefer\u00eancias de Consentimento' acima. Isso permitir\u00e1 que voc\u00ea revisite o banner de consentimento de cookies e atualize suas prefer\u00eancias ou retire seu consentimento imediatamente.<\/div>\r\n    <div class=\"ql-code-block\" data-language=\"plain\"><br><\/div>\r\n    <div class=\"ql-code-block\" data-language=\"plain\">Al\u00e9m disso, diferentes navegadores oferecem v\u00e1rios m\u00e9todos para bloquear e excluir cookies usados \u200b\u200bpor sites. Voc\u00ea pode ajustar as configura\u00e7\u00f5es do seu navegador para bloquear ou excluir cookies. Abaixo est\u00e3o links para documentos de suporte sobre como gerenciar e excluir cookies nos principais navegadores da web.<\/div>\r\n  <\/div>\r\n  <p><br><\/p>\r\n  <p>Chrome: <a href=\"https:\/\/support.google.com\/accounts\/answer\/32050\" rel=\"noopener noreferrer\" target=\"_blank\">https:\/\/support.google.com\/accounts\/answer\/32050<\/a><\/p>\r\n  <p>Safari: <a href=\"https:\/\/support.apple.com\/en-in\/guide\/safari\/sfri11471\/mac\" rel=\"noopener noreferrer\" target=\"_blank\">https:\/\/support.apple.com\/en-in\/guide\/safari\/sfri11471\/mac<\/a><\/p>\r\n  <p>Firefox: <a href=\"https:\/\/support.mozilla.org\/en-US\/kb\/clear-cookies-and-site-data-firefox?redirectslug=delete-cookies-remove-info-websites-stored&amp;redirectlocale=en-US\" rel=\"noopener noreferrer\" target=\"_blank\">https:\/\/support.mozilla.org\/en-US\/kb\/clear-cookies-and-site-data-firefox?redirectslug=delete-cookies-remove-info-websites-stored&amp;redirectlocale=en-US<\/a><\/p>\r\n  <p>Internet Explorer: <a href=\"https:\/\/support.microsoft.com\/en-us\/topic\/how-to-delete-cookie-files-in-internet-explorer-bca9446f-d873-78de-77ba-d42645fa52fc\" rel=\"noopener noreferrer\" target=\"_blank\">https:\/\/support.microsoft.com\/en-us\/topic\/how-to-delete-cookie-files-in-internet-explorer-bca9446f-d873-78de-77ba-d42645fa52fc<\/a><\/p>\r\n  <div class=\"ql-code-block-container\" spellcheck=\"false\">\r\n    <div class=\"ql-code-block\" data-language=\"plain\">Se voc\u00ea estiver usando um navegador diferente, consulte a documenta\u00e7\u00e3o de suporte oficial do mesmo.<\/div>\r\n  <\/div>\r\n  <p><br><\/p>\r\n<\/div>&nbsp;<p class=\"cookie-policy-p\"> Cookie Policy generated by <a target=\"_blank\" rel=\"noopener noreferrer\" href=\"https:\/\/www.cookieyes.com\/?utm_source=CP&utm_medium=footer&utm_campaign=UW\">CookieYes - Cookie Policy Generator<\/a><\/p>\r\n<!-- End CookieYes cookie policy -->\t\t\t\t<\/div>\n\t\t\t\t\t<\/div>\n\t\t\t\t<\/div>\n\t\t\t\t<\/div>\n\t\t","protected":false},"excerpt":{"rendered":"<p>Politicas de Cookies Cookie Policy Effective date: December 28, 2025 Last updated: December 28, 2025 &nbsp; O que s\u00e3o cookies? Esta Pol\u00edtica de Cookies explica o que s\u00e3o cookies, como os utilizamos, os tipos de cookies que utilizamos (ou seja, as informa\u00e7\u00f5es que coletamos usando cookies e como essas informa\u00e7\u00f5es s\u00e3o utilizadas) e como gerenciar [&hellip;]<\/p>\n","protected":false},"author":1,"featured_media":0,"parent":0,"menu_order":0,"comment_status":"closed","ping_status":"closed","template":"","meta":{"footnotes":""},"class_list":["post-212","page","type-page","status-publish","hentry","entry"],"yoast_head":"<!-- This site is optimized with the Yoast SEO plugin v26.6 - https:\/\/yoast.com\/wordpress\/plugins\/seo\/ -->\n<title>Pol\u00edticas de Cookies - Realidades de Osasco<\/title>\n<meta name=\"robots\" content=\"index, follow, max-snippet:-1, max-image-preview:large, max-video-preview:-1\" \/>\n<link rel=\"canonical\" href=\"https:\/\/realidadesdeosasco.online\/index.php\/politicas-de-cookies\/\" \/>\n<meta property=\"og:locale\" content=\"en_US\" \/>\n<meta property=\"og:type\" content=\"article\" \/>\n<meta property=\"og:title\" content=\"Pol\u00edticas de Cookies - Realidades de Osasco\" \/>\n<meta property=\"og:description\" content=\"Politicas de Cookies Cookie Policy Effective date: December 28, 2025 Last updated: December 28, 2025 &nbsp; O que s\u00e3o cookies? Esta Pol\u00edtica de Cookies explica o que s\u00e3o cookies, como os utilizamos, os tipos de cookies que utilizamos (ou seja, as informa\u00e7\u00f5es que coletamos usando cookies e como essas informa\u00e7\u00f5es s\u00e3o utilizadas) e como gerenciar [&hellip;]\" \/>\n<meta property=\"og:url\" content=\"https:\/\/realidadesdeosasco.online\/index.php\/politicas-de-cookies\/\" \/>\n<meta property=\"og:site_name\" content=\"Realidades de Osasco\" \/>\n<meta property=\"article:modified_time\" content=\"2025-12-28T19:57:18+00:00\" \/>\n<meta name=\"twitter:card\" content=\"summary_large_image\" \/>\n<meta name=\"twitter:label1\" content=\"Est. reading time\" \/>\n\t<meta name=\"twitter:data1\" content=\"2 minutes\" \/>\n<script type=\"application\/ld+json\" class=\"yoast-schema-graph\">{\"@context\":\"https:\/\/schema.org\",\"@graph\":[{\"@type\":\"WebPage\",\"@id\":\"https:\/\/realidadesdeosasco.online\/index.php\/politicas-de-cookies\/\",\"url\":\"https:\/\/realidadesdeosasco.online\/index.php\/politicas-de-cookies\/\",\"name\":\"Pol\u00edticas de Cookies - Realidades de Osasco\",\"isPartOf\":{\"@id\":\"https:\/\/realidadesdeosasco.online\/#website\"},\"datePublished\":\"2025-12-28T19:47:10+00:00\",\"dateModified\":\"2025-12-28T19:57:18+00:00\",\"breadcrumb\":{\"@id\":\"https:\/\/realidadesdeosasco.online\/index.php\/politicas-de-cookies\/#breadcrumb\"},\"inLanguage\":\"en-US\",\"potentialAction\":[{\"@type\":\"ReadAction\",\"target\":[\"https:\/\/realidadesdeosasco.online\/index.php\/politicas-de-cookies\/\"]}]},{\"@type\":\"BreadcrumbList\",\"@id\":\"https:\/\/realidadesdeosasco.online\/index.php\/politicas-de-cookies\/#breadcrumb\",\"itemListElement\":[{\"@type\":\"ListItem\",\"position\":1,\"name\":\"Home\",\"item\":\"https:\/\/realidadesdeosasco.online\/\"},{\"@type\":\"ListItem\",\"position\":2,\"name\":\"Pol\u00edticas de Cookies\"}]},{\"@type\":\"WebSite\",\"@id\":\"https:\/\/realidadesdeosasco.online\/#website\",\"url\":\"https:\/\/realidadesdeosasco.online\/\",\"name\":\"Realidades de Osasco\",\"description\":\"Realidades de Osasco, denunciando o que acreditamos que possa melhorar para termos uma sociedade melhor.\",\"publisher\":{\"@id\":\"https:\/\/realidadesdeosasco.online\/#organization\"},\"potentialAction\":[{\"@type\":\"SearchAction\",\"target\":{\"@type\":\"EntryPoint\",\"urlTemplate\":\"https:\/\/realidadesdeosasco.online\/?s={search_term_string}\"},\"query-input\":{\"@type\":\"PropertyValueSpecification\",\"valueRequired\":true,\"valueName\":\"search_term_string\"}}],\"inLanguage\":\"en-US\"},{\"@type\":\"Organization\",\"@id\":\"https:\/\/realidadesdeosasco.online\/#organization\",\"name\":\"Realidades de Osasco\",\"url\":\"https:\/\/realidadesdeosasco.online\/\",\"logo\":{\"@type\":\"ImageObject\",\"inLanguage\":\"en-US\",\"@id\":\"https:\/\/realidadesdeosasco.online\/#\/schema\/logo\/image\/\",\"url\":\"https:\/\/realidadesdeosasco.online\/wp-content\/uploads\/2025\/12\/Canal.jpg\",\"contentUrl\":\"https:\/\/realidadesdeosasco.online\/wp-content\/uploads\/2025\/12\/Canal.jpg\",\"width\":400,\"height\":400,\"caption\":\"Realidades de Osasco\"},\"image\":{\"@id\":\"https:\/\/realidadesdeosasco.online\/#\/schema\/logo\/image\/\"}}]}<\/script>\n<!-- \/ Yoast SEO plugin. -->","yoast_head_json":{"title":"Pol\u00edticas de Cookies - Realidades de Osasco","robots":{"index":"index","follow":"follow","max-snippet":"max-snippet:-1","max-image-preview":"max-image-preview:large","max-video-preview":"max-video-preview:-1"},"canonical":"https:\/\/realidadesdeosasco.online\/index.php\/politicas-de-cookies\/","og_locale":"en_US","og_type":"article","og_title":"Pol\u00edticas de Cookies - Realidades de Osasco","og_description":"Politicas de Cookies Cookie Policy Effective date: December 28, 2025 Last updated: December 28, 2025 &nbsp; O que s\u00e3o cookies? Esta Pol\u00edtica de Cookies explica o que s\u00e3o cookies, como os utilizamos, os tipos de cookies que utilizamos (ou seja, as informa\u00e7\u00f5es que coletamos usando cookies e como essas informa\u00e7\u00f5es s\u00e3o utilizadas) e como gerenciar [&hellip;]","og_url":"https:\/\/realidadesdeosasco.online\/index.php\/politicas-de-cookies\/","og_site_name":"Realidades de Osasco","article_modified_time":"2025-12-28T19:57:18+00:00","twitter_card":"summary_large_image","twitter_misc":{"Est. reading time":"2 minutes"},"schema":{"@context":"https:\/\/schema.org","@graph":[{"@type":"WebPage","@id":"https:\/\/realidadesdeosasco.online\/index.php\/politicas-de-cookies\/","url":"https:\/\/realidadesdeosasco.online\/index.php\/politicas-de-cookies\/","name":"Pol\u00edticas de Cookies - Realidades de Osasco","isPartOf":{"@id":"https:\/\/realidadesdeosasco.online\/#website"},"datePublished":"2025-12-28T19:47:10+00:00","dateModified":"2025-12-28T19:57:18+00:00","breadcrumb":{"@id":"https:\/\/realidadesdeosasco.online\/index.php\/politicas-de-cookies\/#breadcrumb"},"inLanguage":"en-US","potentialAction":[{"@type":"ReadAction","target":["https:\/\/realidadesdeosasco.online\/index.php\/politicas-de-cookies\/"]}]},{"@type":"BreadcrumbList","@id":"https:\/\/realidadesdeosasco.online\/index.php\/politicas-de-cookies\/#breadcrumb","itemListElement":[{"@type":"ListItem","position":1,"name":"Home","item":"https:\/\/realidadesdeosasco.online\/"},{"@type":"ListItem","position":2,"name":"Pol\u00edticas de Cookies"}]},{"@type":"WebSite","@id":"https:\/\/realidadesdeosasco.online\/#website","url":"https:\/\/realidadesdeosasco.online\/","name":"Realidades de Osasco","description":"Realidades de Osasco, denunciando o que acreditamos que possa melhorar para termos uma sociedade melhor.","publisher":{"@id":"https:\/\/realidadesdeosasco.online\/#organization"},"potentialAction":[{"@type":"SearchAction","target":{"@type":"EntryPoint","urlTemplate":"https:\/\/realidadesdeosasco.online\/?s={search_term_string}"},"query-input":{"@type":"PropertyValueSpecification","valueRequired":true,"valueName":"search_term_string"}}],"inLanguage":"en-US"},{"@type":"Organization","@id":"https:\/\/realidadesdeosasco.online\/#organization","name":"Realidades de Osasco","url":"https:\/\/realidadesdeosasco.online\/","logo":{"@type":"ImageObject","inLanguage":"en-US","@id":"https:\/\/realidadesdeosasco.online\/#\/schema\/logo\/image\/","url":"https:\/\/realidadesdeosasco.online\/wp-content\/uploads\/2025\/12\/Canal.jpg","contentUrl":"https:\/\/realidadesdeosasco.online\/wp-content\/uploads\/2025\/12\/Canal.jpg","width":400,"height":400,"caption":"Realidades de Osasco"},"image":{"@id":"https:\/\/realidadesdeosasco.online\/#\/schema\/logo\/image\/"}}]}},"_links":{"self":[{"href":"https:\/\/realidadesdeosasco.online\/index.php\/wp-json\/wp\/v2\/pages\/212","targetHints":{"allow":["GET"]}}],"collection":[{"href":"https:\/\/realidadesdeosasco.online\/index.php\/wp-json\/wp\/v2\/pages"}],"about":[{"href":"https:\/\/realidadesdeosasco.online\/index.php\/wp-json\/wp\/v2\/types\/page"}],"author":[{"embeddable":true,"href":"https:\/\/realidadesdeosasco.online\/index.php\/wp-json\/wp\/v2\/users\/1"}],"replies":[{"embeddable":true,"href":"https:\/\/realidadesdeosasco.online\/index.php\/wp-json\/wp\/v2\/comments?post=212"}],"version-history":[{"count":0,"href":"https:\/\/realidadesdeosasco.online\/index.php\/wp-json\/wp\/v2\/pages\/212\/revisions"}],"wp:attachment":[{"href":"https:\/\/realidadesdeosasco.online\/index.php\/wp-json\/wp\/v2\/media?parent=212"}],"curies":[{"name":"wp","href":"https:\/\/api.w.org\/{rel}","templated":true}]}}