{"id":59,"date":"2025-12-27T17:18:31","date_gmt":"2025-12-27T20:18:31","guid":{"rendered":"https:\/\/realidadesdeosasco.online\/?page_id=59"},"modified":"2025-12-28T14:57:47","modified_gmt":"2025-12-28T17:57:47","slug":"sobre-nos","status":"publish","type":"page","link":"https:\/\/realidadesdeosasco.online\/index.php\/sobre-nos\/","title":{"rendered":"Sobre n\u00f3s"},"content":{"rendered":"\n<p>Realidades de Osasco \u00e9 um canal de informa\u00e7\u00f5es que parte de Osasco e regi\u00e3o para o mundo.<\/p>\n\n\n\n<p>Nosso objetivo \u00e9 trazer informa\u00e7\u00e3o de qualidade sobre os principais temas que afetam diretamente nossos vidas.<\/p>\n\n\n\n<p>Diante de tanta desinforma\u00e7\u00e3o e de tanta gente que atua somente para atender suas necessidades, beneficiar a si pr\u00f3prios e aos seus, nosso canal se prop\u00f5e a observar solu\u00e7\u00f5es e propostas para auxilio geral a sociedade principalmente os que mais necessitam de apoio em todos os campos da vida.<\/p>\n\n\n\n<p>Uma das bandeiras mais fortes que possu\u00edmos \u00e9 a de combate a desinforma\u00e7\u00e3o e o combate a falsos profetas, seja da pol\u00edtica, da religi\u00e3o ou de qualquer outro campo do conhecimento humano em que tentam dominar e manipular pessoas.<\/p>\n\n\n<div class=\"wp-block-image is-style-rounded\">\n<figure class=\"alignleft size-full is-resized\"><img fetchpriority=\"high\" decoding=\"async\" width=\"400\" height=\"400\" src=\"https:\/\/realidadesdeosasco.online\/wp-content\/uploads\/2025\/12\/Canal-4.jpg\" alt=\"\" class=\"wp-image-199\" style=\"width:136px;height:auto\" srcset=\"https:\/\/realidadesdeosasco.online\/wp-content\/uploads\/2025\/12\/Canal-4.jpg 400w, https:\/\/realidadesdeosasco.online\/wp-content\/uploads\/2025\/12\/Canal-4-300x300.jpg 300w, https:\/\/realidadesdeosasco.online\/wp-content\/uploads\/2025\/12\/Canal-4-150x150.jpg 150w\" sizes=\"(max-width: 400px) 100vw, 400px\" \/><\/figure>\n<\/div>","protected":false},"excerpt":{"rendered":"<p>Realidades de Osasco \u00e9 um canal de informa\u00e7\u00f5es que parte de Osasco e regi\u00e3o para o mundo. Nosso objetivo \u00e9 trazer informa\u00e7\u00e3o de qualidade sobre os principais temas que afetam diretamente nossos vidas. Diante de tanta desinforma\u00e7\u00e3o e de tanta gente que atua somente para atender suas necessidades, beneficiar a si pr\u00f3prios e aos seus, [&hellip;]<\/p>\n","protected":false},"author":1,"featured_media":0,"parent":0,"menu_order":0,"comment_status":"closed","ping_status":"closed","template":"","meta":{"footnotes":""},"class_list":["post-59","page","type-page","status-publish","hentry","entry"],"yoast_head":"<!-- This site is optimized with the Yoast SEO plugin v26.6 - https:\/\/yoast.com\/wordpress\/plugins\/seo\/ -->\n<title>Sobre n\u00f3s - Realidades de Osasco<\/title>\n<meta name=\"robots\" content=\"index, follow, max-snippet:-1, max-image-preview:large, max-video-preview:-1\" \/>\n<link rel=\"canonical\" href=\"https:\/\/realidadesdeosasco.online\/index.php\/sobre-nos\/\" \/>\n<meta property=\"og:locale\" content=\"en_US\" \/>\n<meta property=\"og:type\" content=\"article\" \/>\n<meta property=\"og:title\" content=\"Sobre n\u00f3s - Realidades de Osasco\" \/>\n<meta property=\"og:description\" content=\"Realidades de Osasco \u00e9 um canal de informa\u00e7\u00f5es que parte de Osasco e regi\u00e3o para o mundo. Nosso objetivo \u00e9 trazer informa\u00e7\u00e3o de qualidade sobre os principais temas que afetam diretamente nossos vidas. Diante de tanta desinforma\u00e7\u00e3o e de tanta gente que atua somente para atender suas necessidades, beneficiar a si pr\u00f3prios e aos seus, [&hellip;]\" \/>\n<meta property=\"og:url\" content=\"https:\/\/realidadesdeosasco.online\/index.php\/sobre-nos\/\" \/>\n<meta property=\"og:site_name\" content=\"Realidades de Osasco\" \/>\n<meta property=\"article:modified_time\" content=\"2025-12-28T17:57:47+00:00\" \/>\n<meta property=\"og:image\" content=\"https:\/\/realidadesdeosasco.online\/wp-content\/uploads\/2025\/12\/Canal-4.jpg\" \/>\n<meta name=\"twitter:card\" content=\"summary_large_image\" \/>\n<meta name=\"twitter:label1\" content=\"Est. reading time\" \/>\n\t<meta name=\"twitter:data1\" content=\"1 minute\" \/>\n<script type=\"application\/ld+json\" class=\"yoast-schema-graph\">{\"@context\":\"https:\/\/schema.org\",\"@graph\":[{\"@type\":\"WebPage\",\"@id\":\"https:\/\/realidadesdeosasco.online\/index.php\/sobre-nos\/\",\"url\":\"https:\/\/realidadesdeosasco.online\/index.php\/sobre-nos\/\",\"name\":\"Sobre n\u00f3s - Realidades de Osasco\",\"isPartOf\":{\"@id\":\"https:\/\/realidadesdeosasco.online\/#website\"},\"primaryImageOfPage\":{\"@id\":\"https:\/\/realidadesdeosasco.online\/index.php\/sobre-nos\/#primaryimage\"},\"image\":{\"@id\":\"https:\/\/realidadesdeosasco.online\/index.php\/sobre-nos\/#primaryimage\"},\"thumbnailUrl\":\"https:\/\/realidadesdeosasco.online\/wp-content\/uploads\/2025\/12\/Canal-4.jpg\",\"datePublished\":\"2025-12-27T20:18:31+00:00\",\"dateModified\":\"2025-12-28T17:57:47+00:00\",\"breadcrumb\":{\"@id\":\"https:\/\/realidadesdeosasco.online\/index.php\/sobre-nos\/#breadcrumb\"},\"inLanguage\":\"en-US\",\"potentialAction\":[{\"@type\":\"ReadAction\",\"target\":[\"https:\/\/realidadesdeosasco.online\/index.php\/sobre-nos\/\"]}]},{\"@type\":\"ImageObject\",\"inLanguage\":\"en-US\",\"@id\":\"https:\/\/realidadesdeosasco.online\/index.php\/sobre-nos\/#primaryimage\",\"url\":\"https:\/\/realidadesdeosasco.online\/wp-content\/uploads\/2025\/12\/Canal-4.jpg\",\"contentUrl\":\"https:\/\/realidadesdeosasco.online\/wp-content\/uploads\/2025\/12\/Canal-4.jpg\",\"width\":400,\"height\":400},{\"@type\":\"BreadcrumbList\",\"@id\":\"https:\/\/realidadesdeosasco.online\/index.php\/sobre-nos\/#breadcrumb\",\"itemListElement\":[{\"@type\":\"ListItem\",\"position\":1,\"name\":\"Home\",\"item\":\"https:\/\/realidadesdeosasco.online\/\"},{\"@type\":\"ListItem\",\"position\":2,\"name\":\"Sobre n\u00f3s\"}]},{\"@type\":\"WebSite\",\"@id\":\"https:\/\/realidadesdeosasco.online\/#website\",\"url\":\"https:\/\/realidadesdeosasco.online\/\",\"name\":\"Realidades de Osasco\",\"description\":\"Realidades de Osasco, denunciando o que acreditamos que possa melhorar para termos uma sociedade melhor.\",\"publisher\":{\"@id\":\"https:\/\/realidadesdeosasco.online\/#organization\"},\"potentialAction\":[{\"@type\":\"SearchAction\",\"target\":{\"@type\":\"EntryPoint\",\"urlTemplate\":\"https:\/\/realidadesdeosasco.online\/?s={search_term_string}\"},\"query-input\":{\"@type\":\"PropertyValueSpecification\",\"valueRequired\":true,\"valueName\":\"search_term_string\"}}],\"inLanguage\":\"en-US\"},{\"@type\":\"Organization\",\"@id\":\"https:\/\/realidadesdeosasco.online\/#organization\",\"name\":\"Realidades de Osasco\",\"url\":\"https:\/\/realidadesdeosasco.online\/\",\"logo\":{\"@type\":\"ImageObject\",\"inLanguage\":\"en-US\",\"@id\":\"https:\/\/realidadesdeosasco.online\/#\/schema\/logo\/image\/\",\"url\":\"https:\/\/realidadesdeosasco.online\/wp-content\/uploads\/2025\/12\/Canal.jpg\",\"contentUrl\":\"https:\/\/realidadesdeosasco.online\/wp-content\/uploads\/2025\/12\/Canal.jpg\",\"width\":400,\"height\":400,\"caption\":\"Realidades de Osasco\"},\"image\":{\"@id\":\"https:\/\/realidadesdeosasco.online\/#\/schema\/logo\/image\/\"}}]}<\/script>\n<!-- \/ Yoast SEO plugin. -->","yoast_head_json":{"title":"Sobre n\u00f3s - Realidades de Osasco","robots":{"index":"index","follow":"follow","max-snippet":"max-snippet:-1","max-image-preview":"max-image-preview:large","max-video-preview":"max-video-preview:-1"},"canonical":"https:\/\/realidadesdeosasco.online\/index.php\/sobre-nos\/","og_locale":"en_US","og_type":"article","og_title":"Sobre n\u00f3s - Realidades de Osasco","og_description":"Realidades de Osasco \u00e9 um canal de informa\u00e7\u00f5es que parte de Osasco e regi\u00e3o para o mundo. Nosso objetivo \u00e9 trazer informa\u00e7\u00e3o de qualidade sobre os principais temas que afetam diretamente nossos vidas. Diante de tanta desinforma\u00e7\u00e3o e de tanta gente que atua somente para atender suas necessidades, beneficiar a si pr\u00f3prios e aos seus, [&hellip;]","og_url":"https:\/\/realidadesdeosasco.online\/index.php\/sobre-nos\/","og_site_name":"Realidades de Osasco","article_modified_time":"2025-12-28T17:57:47+00:00","og_image":[{"url":"https:\/\/realidadesdeosasco.online\/wp-content\/uploads\/2025\/12\/Canal-4.jpg","type":"","width":"","height":""}],"twitter_card":"summary_large_image","twitter_misc":{"Est. reading time":"1 minute"},"schema":{"@context":"https:\/\/schema.org","@graph":[{"@type":"WebPage","@id":"https:\/\/realidadesdeosasco.online\/index.php\/sobre-nos\/","url":"https:\/\/realidadesdeosasco.online\/index.php\/sobre-nos\/","name":"Sobre n\u00f3s - Realidades de Osasco","isPartOf":{"@id":"https:\/\/realidadesdeosasco.online\/#website"},"primaryImageOfPage":{"@id":"https:\/\/realidadesdeosasco.online\/index.php\/sobre-nos\/#primaryimage"},"image":{"@id":"https:\/\/realidadesdeosasco.online\/index.php\/sobre-nos\/#primaryimage"},"thumbnailUrl":"https:\/\/realidadesdeosasco.online\/wp-content\/uploads\/2025\/12\/Canal-4.jpg","datePublished":"2025-12-27T20:18:31+00:00","dateModified":"2025-12-28T17:57:47+00:00","breadcrumb":{"@id":"https:\/\/realidadesdeosasco.online\/index.php\/sobre-nos\/#breadcrumb"},"inLanguage":"en-US","potentialAction":[{"@type":"ReadAction","target":["https:\/\/realidadesdeosasco.online\/index.php\/sobre-nos\/"]}]},{"@type":"ImageObject","inLanguage":"en-US","@id":"https:\/\/realidadesdeosasco.online\/index.php\/sobre-nos\/#primaryimage","url":"https:\/\/realidadesdeosasco.online\/wp-content\/uploads\/2025\/12\/Canal-4.jpg","contentUrl":"https:\/\/realidadesdeosasco.online\/wp-content\/uploads\/2025\/12\/Canal-4.jpg","width":400,"height":400},{"@type":"BreadcrumbList","@id":"https:\/\/realidadesdeosasco.online\/index.php\/sobre-nos\/#breadcrumb","itemListElement":[{"@type":"ListItem","position":1,"name":"Home","item":"https:\/\/realidadesdeosasco.online\/"},{"@type":"ListItem","position":2,"name":"Sobre n\u00f3s"}]},{"@type":"WebSite","@id":"https:\/\/realidadesdeosasco.online\/#website","url":"https:\/\/realidadesdeosasco.online\/","name":"Realidades de Osasco","description":"Realidades de Osasco, denunciando o que acreditamos que possa melhorar para termos uma sociedade melhor.","publisher":{"@id":"https:\/\/realidadesdeosasco.online\/#organization"},"potentialAction":[{"@type":"SearchAction","target":{"@type":"EntryPoint","urlTemplate":"https:\/\/realidadesdeosasco.online\/?s={search_term_string}"},"query-input":{"@type":"PropertyValueSpecification","valueRequired":true,"valueName":"search_term_string"}}],"inLanguage":"en-US"},{"@type":"Organization","@id":"https:\/\/realidadesdeosasco.online\/#organization","name":"Realidades de Osasco","url":"https:\/\/realidadesdeosasco.online\/","logo":{"@type":"ImageObject","inLanguage":"en-US","@id":"https:\/\/realidadesdeosasco.online\/#\/schema\/logo\/image\/","url":"https:\/\/realidadesdeosasco.online\/wp-content\/uploads\/2025\/12\/Canal.jpg","contentUrl":"https:\/\/realidadesdeosasco.online\/wp-content\/uploads\/2025\/12\/Canal.jpg","width":400,"height":400,"caption":"Realidades de Osasco"},"image":{"@id":"https:\/\/realidadesdeosasco.online\/#\/schema\/logo\/image\/"}}]}},"_links":{"self":[{"href":"https:\/\/realidadesdeosasco.online\/index.php\/wp-json\/wp\/v2\/pages\/59","targetHints":{"allow":["GET"]}}],"collection":[{"href":"https:\/\/realidadesdeosasco.online\/index.php\/wp-json\/wp\/v2\/pages"}],"about":[{"href":"https:\/\/realidadesdeosasco.online\/index.php\/wp-json\/wp\/v2\/types\/page"}],"author":[{"embeddable":true,"href":"https:\/\/realidadesdeosasco.online\/index.php\/wp-json\/wp\/v2\/users\/1"}],"replies":[{"embeddable":true,"href":"https:\/\/realidadesdeosasco.online\/index.php\/wp-json\/wp\/v2\/comments?post=59"}],"version-history":[{"count":0,"href":"https:\/\/realidadesdeosasco.online\/index.php\/wp-json\/wp\/v2\/pages\/59\/revisions"}],"wp:attachment":[{"href":"https:\/\/realidadesdeosasco.online\/index.php\/wp-json\/wp\/v2\/media?parent=59"}],"curies":[{"name":"wp","href":"https:\/\/api.w.org\/{rel}","templated":true}]}}